{"id":885,"date":"2022-02-21T17:32:20","date_gmt":"2022-02-21T17:32:20","guid":{"rendered":"http:\/\/www.javiermuroescultura.com\/?page_id=885"},"modified":"2022-09-25T16:56:34","modified_gmt":"2022-09-25T16:56:34","slug":"textos","status":"publish","type":"page","link":"https:\/\/www.javiermuroescultura.com\/index.php\/textos\/","title":{"rendered":"TEXTOS"},"content":{"rendered":"\n<p class=\"has-cyan-bluish-gray-color has-text-color\"><strong>EXPOSICI\u00d3N &#8216;NOS MUDAMOS&#8217; CENTRO DE ARTE CONTEMPORANEO DE HUARTE. COMENTARIO DE JOS\u00c9 MAR\u00cdN MEDINA.<\/strong><\/p>\n\n\n\n<p class=\"has-black-color has-text-color\">La exposici\u00f3n \u201cNos mudamos\u201d, de Javier Muro (Pamplona, 1968) para el Centro Huarte de Arte Contempor\u00e1neo, se concentra en la actitud fundamental propia de las bases fenomenol\u00f3gicas de la est\u00e9tica de hoy, las cuales tratan de imponerse sobre el predominio previo y el influjo extraordinario que el arte conceptual ha tenido hasta nuestros d\u00edas.           &#8220;&#8230; Javier Muro est\u00e1 utilizando recientemente la contradicci\u00f3n existente entre las exigencias derivadas del formalismo constructivo oteiziano y los cambios formales y estructurales continuados que postula la temporalidad procesual, como causa de la nueva articulaci\u00f3n -o articulaciones cambiantes, creativas- de la obra escult\u00f3rica. Con ello su estrategia se sit\u00faa en l\u00ednea con la actitud de los escultores -especialmente los escultores vascos- que actualmente, como ha se\u00f1alado Inazio Escudero, \u201chan invertido el sentido ut\u00f3pico de la escultura constructivista para convertir el espacio escult\u00f3rico en un lugar perturbado por la multidimensionalidad de registros que afectan a nuestra vida diaria\u201d.<\/p>\n\n\n<div class=\"wp-block-post-excerpt has-text-color has-black-color\"><p class=\"wp-block-post-excerpt__excerpt\">Continuar leyendo:<\/p><p class=\"wp-block-post-excerpt__more-text\"><a class=\"wp-block-post-excerpt__more-link\" href=\"https:\/\/www.javiermuroescultura.com\/index.php\/textos\/\"><a href=\"https:\/\/www.javiermuroescultura.com\/index.php\/2022\/02\/21\/apariencia-y-verdad-en-la-obra-de-javier-muro\/\">Apariencia y verdad en la obra de Javier Muro <\/a><\/a><\/p><\/div>\n\n\n<p class=\"has-cyan-bluish-gray-color has-text-color\"><strong><em>Nuevos iconos del espacio interior. <\/em>MUSEO ARTE CONTEMPOR\u00c1NEO DE TARRAGONA. COMENTARIO DE JOS\u00c9 MAR\u00cdN MEDINA.<\/strong><\/p>\n\n\n\n<p class=\"has-black-color has-text-color\"> Basculando entre objetos encontrados (embalajes diversos, tuber\u00edas y sumideros industriales), elementos mobiliares de transparencia constructiva (mesitas, taburetes, escaleras de mano, armarios roperos y otros muebles practicables) e iconos del imaginario pop (fotograf\u00edas de car\u00e1cter publicitario sobre \u201ccomposiciones de supermercado\u201d representando picadillos de carne, despojos de aves de corral y otros motivos alimentarios, as\u00ed como sobre tem\u00e1tica floral de \u201ccasa y jard\u00edn\u201d), Javier Muro viene reformulando ahora su pr\u00e1ctica de la escultura. Lo est\u00e1 haciendo combinando principios objetuales, estructurales y figurativos de fuentes diferentes, pero refiri\u00e9ndolos de manera conjunta y prioritaria a los dominios de un elemento pl\u00e1stico que constituye para \u00e9l una base y una constante fundamental de todo su proceso: el espacio interior&#8230;<\/p>\n\n\n<div class=\"wp-block-post-excerpt\"><p class=\"wp-block-post-excerpt__excerpt\">Continuar leyendo:<\/p><p class=\"wp-block-post-excerpt__more-text\"><a class=\"wp-block-post-excerpt__more-link\" href=\"https:\/\/www.javiermuroescultura.com\/index.php\/textos\/\"><a href=\"https:\/\/www.javiermuroescultura.com\/index.php\/2022\/02\/21\/895\/\">Nuevos iconos del espacio interior. MUSEO ARTE CONTEMPOR\u00c1NEO DE TARRAGONA.<\/a><\/a><\/p><\/div>\n\n\n<p class=\"has-cyan-bluish-gray-color has-text-color\"><strong>EXPOSICI\u00d3N EN LA GALER\u00cdA TRIBECA. MADRID. CR\u00cdTICA DE MONTSE ARRANZ.<\/strong><\/p>\n\n\n\n<p>Intentar clasificar a Javier Muro en alg\u00fan discurso est\u00e9tico es perder el tiempo, tiempo que ser\u00eda mejor aprovechado dej\u00e1ndonos atrapar por su po\u00e9tica. Con po\u00e9tica quiero decir la conciencia cr\u00edtica que el artista tiene de su ideal est\u00e9tico, del programa que todo artista no s\u00f3lo sigue, sino que sabe que sigue, nada de felices casualidades, azarosas coincidencias o resultados fortuitos. Se trata del trasfondo cultural gestado por sus gustos y preferencias personales. La po\u00e9tica debe distinguirse claramente de la est\u00e9tica; mientras \u00e9sta teoriza, aquella tiene valor personal en la experiencia. Mientras que la est\u00e9tica busca dar rigor cient\u00edfico al gusto, la po\u00e9tica, por otro lado, busca la vivencia de una fantas\u00eda, la construcci\u00f3n de un mundo po\u00e9tico. Muro reflexiona, de una manera metaf\u00f3rica y coherente, sobre cuestiones de la vida que le inquietan al tiempo que muestra una obsesiva preocupaci\u00f3n formal de corte minimalista. Seg\u00fan Joseph Beuys todos podemos ser artistas. Podemos estar de acuerdo con esta afirmaci\u00f3n salvo que s\u00f3lo algunos artistas llegan a serlo genuinamente, entendiendo el arte genuino, aquel que incita a la contemplaci\u00f3n, que nos lleva a entrar en nosotros mismos&#8230;<\/p>\n\n\n<div class=\"wp-block-post-excerpt\"><p class=\"wp-block-post-excerpt__excerpt\">Continuar leyendo:<\/p><p class=\"wp-block-post-excerpt__more-text\"><a class=\"wp-block-post-excerpt__more-link\" href=\"https:\/\/www.javiermuroescultura.com\/index.php\/textos\/\"><a href=\"https:\/\/www.javiermuroescultura.com\/index.php\/2022\/02\/21\/critica-de-montse-arranz-galeria-tribeca-madrid\/\">CR\u00cdTICA DE MONTSE ARRANZ. GALER\u00cdA TRIBECA. MADRID. <\/a><\/a><\/p><\/div>\n\n\n<p class=\"has-cyan-bluish-gray-color has-text-color\"><strong><em>Mensajes en una botella<\/em>. EXPOSICI\u00d3N MUSEO DE NAVARRA. CR\u00cdTICA DE JOS\u00c9 MAR\u00cdN MEDINA<\/strong><\/p>\n\n\n\n<p> En arte todo se produce dentro de su tradici\u00f3n. Las series de botellines y copas fundidas en aluminio de Javier Muro enlazan conceptualmente con las fundiciones en bronce de objetos cotidianos realizadas por Jasper Johns, elevando la banalidad de los enseres dom\u00e9sticos a la nobleza de condici\u00f3n de las obras de arte, d\u00e1ndole a lo conocido la dignidad de lo ignorado e invirtiendo la relaci\u00f3n de los ready-mades de Duchamp, por m\u00e1s que sea Duchamp la fuente de esta tradici\u00f3n.  Sobre este punto de arrancada, sobre esas pulsiones de una trayectoria hist\u00f3rica asumida, Javier Muro introduce en su escultura importantes innovaciones &#8211; de forma y de concepto -, que son propias y que responden, por una parte, a las incitaciones de los materiales y t\u00e9cnicas elegidos, y, de otro lado, al inter\u00e9s que el joven escultor siente &#8211; inclusive profesionalmente &#8211; por el dise\u00f1o&#8230; <\/p>\n\n\n<div class=\"wp-block-post-excerpt\"><p class=\"wp-block-post-excerpt__excerpt\">Continuar leyendo:<\/p><p class=\"wp-block-post-excerpt__more-text\"><a class=\"wp-block-post-excerpt__more-link\" href=\"https:\/\/www.javiermuroescultura.com\/index.php\/textos\/\"><a href=\"https:\/\/www.javiermuroescultura.com\/index.php\/2022\/02\/21\/mensajes-en-una-botella-exposicion-museo-de-navarra\/\">Mensajes en una botella. EXPOSICI\u00d3N MUSEO DE NAVARRA.<\/a><\/a><\/p><\/div>\n\n\n<p> <\/p>\n\n\n\n<p class=\"has-cyan-bluish-gray-color has-text-color\"><strong><em>LOS D\u00cdAS<\/em>. EXPOSICI\u00d3N CAPILLA MUSEO DE NAVARRA. TEXTO DE JAVIER MURO PARA EL CAT\u00c1LOGO<\/strong><\/p>\n\n\n\n<p> \u201c\u2026 Para esta exposici\u00f3n en la Capilla del Museo de Navarra propongo una est\u00e9tica negra y ortogonal, muy contrastada con el espacio expositivo \u2013barroco, dorado, org\u00e1nico,suntuoso\u2013. Este contraste est\u00e9tico genera no s\u00f3lo una ant\u00edtesis formal sino otra m\u00e1s profunda, ideol\u00f3gica. Tanto el espacio como el tiempo est\u00e1n muy presentes en no pocas de las esculturas expuestas: el espacio, articulado con una suerte de estructuras simples y poderosas; el tiempo, con la referencia a un proceso, un despliegue lento de la forma en ese espacio evidenciado &#8230;<br>&#8230; El resultado es una muestra que sugiere un movimiento lento, una cronolog\u00eda, una generaci\u00f3n, un ciclo. Como los d\u00edas que vivimos, que son una peque\u00f1a vida completa de 24 horas con su nacimiento en el amanecer y su peque\u00f1a muerte diaria en el sue\u00f1o nocturno&#8230;.&#8221;  Javier Muro     <\/p>\n\n\n<div class=\"wp-block-post-excerpt\"><p class=\"wp-block-post-excerpt__excerpt\">Continuar leyendo:<\/p><p class=\"wp-block-post-excerpt__more-text\"><a class=\"wp-block-post-excerpt__more-link\" href=\"https:\/\/www.javiermuroescultura.com\/index.php\/textos\/\"><a href=\"https:\/\/www.javiermuroescultura.com\/index.php\/2022\/09\/25\/los-dias-javier-muro\/\" target=\"_blank\" rel=\"noreferrer noopener\">https:\/\/www.javiermuroescultura.com\/index.php\/2022\/09\/25\/los-dias-javier-muro\/<\/a><\/a><\/p><\/div>","protected":false},"excerpt":{"rendered":"<p>Continuar leyendo:<\/p>\n","protected":false},"author":1,"featured_media":0,"parent":0,"menu_order":0,"comment_status":"closed","ping_status":"closed","template":"","meta":{"_uag_custom_page_level_css":"","footnotes":""},"class_list":["post-885","page","type-page","status-publish","hentry"],"featured_image_src":null,"uagb_featured_image_src":{"full":false,"thumbnail":false,"medium":false,"medium_large":false,"large":false,"1536x1536":false,"2048x2048":false,"twentyseventeen-featured-image":false,"twentyseventeen-thumbnail-avatar":false},"uagb_author_info":{"display_name":"beatriz","author_link":"https:\/\/www.javiermuroescultura.com\/index.php\/author\/beatriz\/"},"uagb_comment_info":0,"uagb_excerpt":"Continuar leyendo:","_links":{"self":[{"href":"https:\/\/www.javiermuroescultura.com\/index.php\/wp-json\/wp\/v2\/pages\/885","targetHints":{"allow":["GET"]}}],"collection":[{"href":"https:\/\/www.javiermuroescultura.com\/index.php\/wp-json\/wp\/v2\/pages"}],"about":[{"href":"https:\/\/www.javiermuroescultura.com\/index.php\/wp-json\/wp\/v2\/types\/page"}],"author":[{"embeddable":true,"href":"https:\/\/www.javiermuroescultura.com\/index.php\/wp-json\/wp\/v2\/users\/1"}],"replies":[{"embeddable":true,"href":"https:\/\/www.javiermuroescultura.com\/index.php\/wp-json\/wp\/v2\/comments?post=885"}],"version-history":[{"count":10,"href":"https:\/\/www.javiermuroescultura.com\/index.php\/wp-json\/wp\/v2\/pages\/885\/revisions"}],"predecessor-version":[{"id":1459,"href":"https:\/\/www.javiermuroescultura.com\/index.php\/wp-json\/wp\/v2\/pages\/885\/revisions\/1459"}],"wp:attachment":[{"href":"https:\/\/www.javiermuroescultura.com\/index.php\/wp-json\/wp\/v2\/media?parent=885"}],"curies":[{"name":"wp","href":"https:\/\/api.w.org\/{rel}","templated":true}]}}