{"id":1385,"date":"2022-02-27T18:06:48","date_gmt":"2022-02-27T18:06:48","guid":{"rendered":"http:\/\/www.javiermuroescultura.com\/?page_id=1385"},"modified":"2022-02-27T18:13:51","modified_gmt":"2022-02-27T18:13:51","slug":"aviso-legal","status":"publish","type":"page","link":"https:\/\/www.javiermuroescultura.com\/index.php\/aviso-legal\/","title":{"rendered":"AVISO LEGAL"},"content":{"rendered":"\n<p>La presente web ha sido creada por Javier Muro con car\u00e1cter informativo y para su utilizaci\u00f3n gratuita y personal por el usuario de la misma. El acceso y la utilizaci\u00f3n de los contenidos de la web son de la exclusiva y \u00fanica responsabilidad del usuario e implican el conocimiento y aceptaci\u00f3n por parte de \u00e9ste de los siguientes t\u00e9rminos:<\/p>\n\n\n\n<h2 class=\"wp-block-heading\">1. Titularidad<\/h2>\n\n\n\n<p><a href=\"https:\/\/www.javiermuroescultura.com\/\">www.javiermuroescultura.com<\/a> es un dominio en Internet de titularidad de Javier Muro con domicilio de trabajo en calle Monasterio de Fitero, 9 &#8211; bajo. 31011 Pamplona (Navarra).<\/p>\n\n\n\n<h2 class=\"wp-block-heading\">2. Limitaciones de uso<\/h2>\n\n\n\n<p>Los usuarios que accedan a esta web est\u00e1n autorizados para visualizar toda la informaci\u00f3n y contenidos de la misma as\u00ed como para efectuar &#8220;download&#8221; o reproducciones privadas de la misma en sus terminales, siempre y cuando los elementos reproducidos sean destinados exclusivamente a uso personal del usuario y no sean posteriormente cedidos o transmitidos a terceros, ni se instalen en cualquier servidor conectado directa o indirectamente a Internet o a una red local de forma que sea posible el acceso de esos terceros a la citada informaci\u00f3n a trav\u00e9s de medios distintos de la propia web.<\/p>\n\n\n\n<p>Javier Muro se reserva el derecho de prohibir o impedir el acceso a cualquier usuario que introduzca en la Web cualquier tipo de contenido contrario a las normas legales o la moral y cooperar\u00e1 con las autoridades en la identificaci\u00f3n de las personas responsables que introduzcan en la Web contenidos que puedan suponer una violaci\u00f3n de la ley.<\/p>\n\n\n\n<h2 class=\"wp-block-heading\">3. Propiedad intelectual<\/h2>\n\n\n\n<figure class=\"wp-block-image\"><img decoding=\"async\" src=\"https:\/\/static4.museoreinasofia.es\/sites\/default\/files\/320px-cc_some_rights_reserved_new_2.svg.jpg\" alt=\"come rights reserved cc\" title=\"come rights reserved cc\"\/><\/figure>\n\n\n\n<p><strong>Algunos derechos reservados. Propiedad f\u00edsica e intelectual del autor y de coleccionistas p\u00fablicos o privados.<\/strong><\/p>\n\n\n\n<p>Los textos y materiales gr\u00e1ficos y audiovisuales que se comunican en esta Web son objeto de derechos de propiedad intelectual, conforme a lo previsto en el&nbsp;<em>Real Decreto Legislativo 1\/1996, de 12 de abril, por el que se aprueba el Texto Refundido de la Ley de Propiedad Intelectual.<\/em><\/p>\n\n\n\n<p>Respecto a aquellos textos e im\u00e1genes de los que Javier Muro es autor, editor o productor, prohibe a los usuarios su reproducci\u00f3n, distribuci\u00f3n y\/o comercio. Estas im\u00e1genes y el resto de audiovisuales, la propiedad intelectual de las obras reproducidas corresponde al autor y a sus herederos. <\/p>\n\n\n\n<p>Seg\u00fan la ley de propiedad intelectual, para su reproducci\u00f3n, distribuci\u00f3n y\/o comunicaci\u00f3n p\u00fablica por parte del usuario, \u00e9ste habr\u00e1 de solicitar y satisfacer las licencias que requieran los titulares de tales derechos o las entidades de gesti\u00f3n colectiva que les representen (VEGAP).<\/p>\n\n\n\n<p>La infracci\u00f3n de los derechos de propiedad intelectual por el usuario se encuentra sujeta a la exigencia de la correspondiente responsabilidad legal por parte de los titulares de los derechos de autor.<\/p>\n\n\n\n<h2 class=\"wp-block-heading\">4. Responsabilidad<\/h2>\n\n\n\n<p>Javier Muro ser\u00e1 responsable de la informaci\u00f3n contenida en esta Web, pero no ser\u00e1 responsable de las opiniones vertidas por los usuarios a trav\u00e9s de los foros u otras herramientas de participaci\u00f3n que pudieran desarrollarse. Asimismo, Javier Muro no asume ninguna responsabilidad por las informaciones contenidas en otras Webs no gestionadas directamente por \u00e9l,  a las que esta web pueda remitir por medio de enlaces hipertextuales (links).<\/p>\n\n\n\n<p>Javier Muro no responder\u00e1 de los da\u00f1os y perjuicios que pudiera ocasionar la existencia de virus u otros elementos que pudieran causar da\u00f1os en los sistemas inform\u00e1ticos, en los documentos electr\u00f3nicos o en los ficheros de usuario de este sitio Web o de sitios web de terceros. Asimismo, no responder\u00e1 de cualquier interrupci\u00f3n, error o fallo que se produzca en el sistema como consecuencia de un mal funcionamiento de la red o de los servidores conectados a la misma.<\/p>\n\n\n\n<h2 class=\"wp-block-heading\">5. Modificaciones<\/h2>\n\n\n\n<p>Javier Muro se reserva el derecho de modificar, de forma unilateral y sin aviso previo, la prestaci\u00f3n, configuraci\u00f3n y contenido de la p\u00e1gina web, de forma total o parcial, as\u00ed como las condiciones de uso de la misma y el acceso a los servicios prestados.<\/p>\n\n\n\n<h2 class=\"wp-block-heading\">6. Legislaci\u00f3n aplicable y jurisdicci\u00f3n competente<\/h2>\n\n\n\n<p>Las presentes advertencias legales se rigen por la legislaci\u00f3n espa\u00f1ola. Todos los conflictos que pudieran derivarse de su interpretaci\u00f3n, aplicaci\u00f3n y cumplimiento, se someter\u00e1n a los Juzgados y Tribunales de Madrid (Espa\u00f1a), renunciando expresamente las partes a cualquier otro fuero que pudiera corresponderles.<\/p>\n","protected":false},"excerpt":{"rendered":"<p>La presente web ha sido creada por Javier Muro con car\u00e1cter informativo y para su utilizaci\u00f3n gratuita y personal por el usuario de la misma. El acceso y la utilizaci\u00f3n de los contenidos de la web son de la exclusiva y \u00fanica responsabilidad del usuario e implican el conocimiento y aceptaci\u00f3n por parte de \u00e9ste &hellip; <\/p>\n<p class=\"link-more\"><a href=\"https:\/\/www.javiermuroescultura.com\/index.php\/aviso-legal\/\" class=\"more-link\">Continuar leyendo<span class=\"screen-reader-text\"> &#8220;AVISO LEGAL&#8221;<\/span><\/a><\/p>\n","protected":false},"author":1,"featured_media":0,"parent":0,"menu_order":0,"comment_status":"closed","ping_status":"closed","template":"","meta":{"_uag_custom_page_level_css":"","footnotes":""},"class_list":["post-1385","page","type-page","status-publish","hentry"],"featured_image_src":null,"uagb_featured_image_src":{"full":false,"thumbnail":false,"medium":false,"medium_large":false,"large":false,"1536x1536":false,"2048x2048":false,"twentyseventeen-featured-image":false,"twentyseventeen-thumbnail-avatar":false},"uagb_author_info":{"display_name":"beatriz","author_link":"https:\/\/www.javiermuroescultura.com\/index.php\/author\/beatriz\/"},"uagb_comment_info":0,"uagb_excerpt":"La presente web ha sido creada por Javier Muro con car\u00e1cter informativo y para su utilizaci\u00f3n gratuita y personal por el usuario de la misma. El acceso y la utilizaci\u00f3n de los contenidos de la web son de la exclusiva y \u00fanica responsabilidad del usuario e implican el conocimiento y aceptaci\u00f3n por parte de \u00e9ste&hellip;","_links":{"self":[{"href":"https:\/\/www.javiermuroescultura.com\/index.php\/wp-json\/wp\/v2\/pages\/1385","targetHints":{"allow":["GET"]}}],"collection":[{"href":"https:\/\/www.javiermuroescultura.com\/index.php\/wp-json\/wp\/v2\/pages"}],"about":[{"href":"https:\/\/www.javiermuroescultura.com\/index.php\/wp-json\/wp\/v2\/types\/page"}],"author":[{"embeddable":true,"href":"https:\/\/www.javiermuroescultura.com\/index.php\/wp-json\/wp\/v2\/users\/1"}],"replies":[{"embeddable":true,"href":"https:\/\/www.javiermuroescultura.com\/index.php\/wp-json\/wp\/v2\/comments?post=1385"}],"version-history":[{"count":1,"href":"https:\/\/www.javiermuroescultura.com\/index.php\/wp-json\/wp\/v2\/pages\/1385\/revisions"}],"predecessor-version":[{"id":1387,"href":"https:\/\/www.javiermuroescultura.com\/index.php\/wp-json\/wp\/v2\/pages\/1385\/revisions\/1387"}],"wp:attachment":[{"href":"https:\/\/www.javiermuroescultura.com\/index.php\/wp-json\/wp\/v2\/media?parent=1385"}],"curies":[{"name":"wp","href":"https:\/\/api.w.org\/{rel}","templated":true}]}}