{"id":1370,"date":"2022-02-27T12:02:08","date_gmt":"2022-02-27T12:02:08","guid":{"rendered":"http:\/\/www.javiermuroescultura.com\/?page_id=1370"},"modified":"2022-02-27T18:15:08","modified_gmt":"2022-02-27T18:15:08","slug":"politica-de-privacidad","status":"publish","type":"page","link":"https:\/\/www.javiermuroescultura.com\/index.php\/politica-de-privacidad\/","title":{"rendered":"Pol\u00edtica de privacidad"},"content":{"rendered":"\n<h2 class=\"wp-block-heading\">Qui\u00e9nes somos<\/h2>\n\n\n\n<p>La direcci\u00f3n de nuestra web es: https:\/\/www.javiermuroescultura.com.<\/p>\n\n\n\n<p><strong>Protecci\u00f3n de datos de car\u00e1cter personal seg\u00fan la LOPDDD<\/strong><\/p>\n\n\n\n<p><em>www.javiermuroescultura.com, en aplicaci\u00f3n de la normativa vigente en materia de protecci\u00f3n de datos de car\u00e1cter personal, informa que los datos personales que se recogen a trav\u00e9s de los formularios del Sitio web: <a href=\"https:\/\/www.javiermuroescultura.com\">www.javiermuroescultura.com<\/a> , se incluyen en los ficheros automatizados espec\u00edficos de usuarios de los servicios de alojamiento del dominio de la p\u00e1gina web.<\/em><\/p>\n\n\n\n<p><em>La recogida y tratamiento automatizado de los datos de car\u00e1cter personal tiene como finalidad el desempe\u00f1o de tareas de informaci\u00f3n, comunicaci\u00f3n, contacto profesional y otras actividades propias de la finalidad de la publicaci\u00f3n de esta p\u00e1gina web<\/em><\/p>\n\n\n\n<p><em>Estos datos \u00fanicamente ser\u00e1n utilizados por el propietario y los gestores de la web y cedidos a aquellas entidades que sean necesarias con el \u00fanico objetivo de dar<\/em><br><em>cumplimiento a la finalidad anteriormente expuesta.<\/em><\/p>\n\n\n\n<p><em>www.javiermuroescultura.com adopta las medidas necesarias para garantizar la seguridad, integridad y confidencialidad de los datos conforme a lo dispuesto en el Reglamento (UE) 2016\/679 del Parlamento Europeo y del Consejo, de 27 de abril de 2016, relativo a la protecci\u00f3n de las personas f\u00edsicas en lo que respecta al tratamiento de datos personales y a la libre circulaci\u00f3n de los mismos.<\/em><\/p>\n\n\n\n<p><em>El usuario podr\u00e1 en cualquier momento ejercitar los derechos de acceso, oposici\u00f3n, rectificaci\u00f3n y cancelaci\u00f3n reconocidos en el citado Reglamento (UE). El ejercicio de estos derechos puede realizarlo el propio usuario a trav\u00e9s de email a: javiermuro68@gmail.com o en la direcci\u00f3n postal: calle Monasterio de Fitero, 9 \u2013 bajo. 31011 &nbsp;Pamplona (Navarra).<\/em><\/p>\n\n\n\n<p><em>El usuario manifiesta que todos los datos facilitados por \u00e9l son ciertos y correctos, y se compromete a mantenerlos actualizados, comunicando los cambios al autor de esta web.<\/em><\/p>\n\n\n\n<p><strong>Finalidad del tratamiento de los datos personales:<\/strong><\/p>\n\n\n\n<p><em>\u00bfCon qu\u00e9 finalidad trataremos tus datos personales?<\/em><br><em>En <a href=\"https:\/\/www.javiermuroescultura.com\">www.javiermuroescultura.com<\/a> , trataremos tus datos personales recabados a trav\u00e9s del Sitio Web, con las siguientes finalidades:<\/em><\/p>\n\n\n\n<p><em>2. Env\u00edo de informaci\u00f3n solicitada a trav\u00e9s de los formularios dispuestos en la p\u00e1gina de contacto del sitio web.<\/em><br><em>3. Remitir boletines (newsletters), as\u00ed como comunicaciones e informaciones del artista Javier Muro y del sector art\u00edstico.<\/em><\/p>\n\n\n\n<p><em>Te recordamos que puedes oponerte al env\u00edo de comunicaciones por cualquier v\u00eda y en cualquier momento, remitiendo un correo electr\u00f3nico a la direcci\u00f3n indicada anteriormente.<\/em><\/p>\n\n\n\n<p><em>Los campos de dichos registros son de cumplimentaci\u00f3n obligatoria, siendo imposible realizar las finalidades expresadas si no se aportan esos datos.<\/em><\/p>\n\n\n\n<p><strong>\u00bfPor cu\u00e1nto tiempo se conservan los datos personales recabados?<\/strong><\/p>\n\n\n\n<p><em>Los datos personales proporcionados se conservar\u00e1n mientras se mantenga la relaci\u00f3n o nos solicites su supresi\u00f3n y durante el plazo por el cu\u00e1l pudieran derivarse responsabilidades legales por los servicios prestados.<\/em><\/p>\n\n\n\n<p><em>Legitimaci\u00f3n: El tratamiento de tus datos se realiza con las siguientes bases jur\u00eddicas que legitiman el mismo:<\/em><\/p>\n\n\n\n<p><em>1. La solicitud de informaci\u00f3n y\/o la contrataci\u00f3n de los servicios de Javier Muro a trav\u00e9s de la web o formulario de contacto, cuyos t\u00e9rminos y condiciones se pondr\u00e1n a tu disposici\u00f3n en todo caso, de forma previa.<\/em><\/p>\n\n\n\n<p><em>2. El consentimiento libre, espec\u00edfico, informado e inequ\u00edvoco, en tanto que te informamos poniendo a tu disposici\u00f3n la presente pol\u00edtica de privacidad, que tras la lectura de la misma, en caso de estar conforme, puedes aceptar mediante una declaraci\u00f3n o una clara acci\u00f3n afirmativa, como el marcado de una casilla dispuesta al<\/em><br><em>efecto.<\/em><\/p>\n\n\n\n<p><em>En caso de que no nos facilites tus datos o lo hagas de forma err\u00f3nea o incompleta, no podremos atender tu solicitud, resultando del todo imposible proporcionarte la informaci\u00f3n solicitada o llevar a cabo la contrataci\u00f3n de los servicios.<\/em><\/p>\n\n\n\n<p><strong>Destinatarios:<\/strong><\/p>\n\n\n\n<p><em>Los datos no se comunicar\u00e1n a ning\u00fan tercero ajeno a Javier Muro, salvo obligaci\u00f3n legal.<\/em><\/p>\n\n\n\n<p><strong>Datos recopilados por usuarios de los servicios<\/strong><\/p>\n\n\n\n<p><em>En los casos en que el usuario incluya ficheros con datos de car\u00e1cter personal en los servidores de alojamiento compartido, Javier Muro, propietario de la web www.javiermuroescultura.com, no se hace responsable del incumplimiento por parte del usuario del RGPD.<\/em><\/p>\n\n\n\n<p><strong>Retenci\u00f3n de datos en conformidad a la LSSI<\/strong><\/p>\n\n\n\n<p><em>El servicio de alojamiento de datos y en virtud de lo establecido en la Ley 34\/2002 de 11 de julio de Servicios de la Sociedad de la Informaci\u00f3n y de Comercio Electr\u00f3nico (LSSI), retiene por un periodo m\u00e1ximo de 12 meses la informaci\u00f3n imprescindible para identificar el origen de los datos alojados y el momento en que se inici\u00f3 la prestaci\u00f3n del servicio. La retenci\u00f3n de estos datos no afecta al secreto de las comunicaciones y s\u00f3lo podr\u00e1n ser utilizados en el marco de una investigaci\u00f3n criminal o para la salvaguardia de la seguridad p\u00fablica, poni\u00e9ndose a disposici\u00f3n de los jueces y\/o tribunales o del Ministerio que as\u00ed los requiera.<\/em><\/p>\n\n\n\n<p><em>La comunicaci\u00f3n de datos a las Fuerzas y Cuerpos del Estado se har\u00e1 en virtud a lo dispuesto en la normativa sobre protecci\u00f3n de datos personales.<\/em><\/p>\n\n\n\n<p><strong>Protecci\u00f3n de la informaci\u00f3n alojada<\/strong><\/p>\n\n\n\n<p><a href=\"https:\/\/www.javiermuroescultura.com\">www.javiermuroescultura.com<\/a> &nbsp;realiza copias de seguridad de los contenidos alojados en sus servidores, sin embargo no se responsabiliza de la p\u00e9rdida o el borrado accidental de los datos por parte de los usuarios. De igual manera, no garantiza la reposici\u00f3n total de los datos borrados por los usuarios, ya que los citados datos podr\u00edan haber sido suprimidos y\/o modificados durante el periodo del tiempo transcurrido desde la \u00faltima copia de seguridad.<\/p>\n\n\n\n<p>Los servicios ofertados, excepto los servicios espec\u00edficos de backup, no incluyen la reposici\u00f3n de los contenidos conservados en las copias de seguridad realizadas por <em><a href=\"https:\/\/www.javiermuroescultura.com\">www.javiermuroescultura.com<\/a><\/em>, cuando esta p\u00e9rdida sea imputable al usuario; en este caso, se determinar\u00e1 una tarifa acorde a la complejidad y volumen de la recuperaci\u00f3n, siempre previa aceptaci\u00f3n del usuario.<\/p>\n\n\n\n<p><strong>Derechos de terceros y protecci\u00f3n de menores.<\/strong><\/p>\n\n\n\n<p>El usuario es responsable respecto a las leyes y reglamentos en vigor y las reglas que tienen que ver con el funcionamiento del servicio online, comercio electr\u00f3nico, derechos de autor, mantenimiento del orden p\u00fablico, as\u00ed como principios universales de uso de Internet.<\/p>\n\n\n\n<p><strong>Derechos propiedad intelectual<\/strong><\/p>\n\n\n\n<p><em>Javier Muro es titular de todos los derechos de autor, propiedad intelectual, industrial, \u201cknow how\u201d y cuantos otros derechos guardan relaci\u00f3n con los contenidos del sitio web <a href=\"https:\/\/www.javiermuroescultura.com\">www.javiermuroescultura.com<\/a> &nbsp;y los servicios ofertados en el mismo, as\u00ed como de los programas necesarios para su implementaci\u00f3n y la informaci\u00f3n relacionada.<\/em><\/p>\n\n\n\n<p><em>No se permite la reproducci\u00f3n, publicaci\u00f3n y\/o uso no estrictamente privado de los contenidos, totales o parciales, del sitio web <a href=\"http:\/\/www.javiermuroescultura.es\">www.javiermuroescultura.com<\/a> sin el consentimiento previo y por escrito.<\/em><\/p>\n\n\n\n<p><strong>Propiedad intelectual del software<\/strong><\/p>\n\n\n\n<p><em>El usuario debe respetar los programas de terceros puestos a su disposici\u00f3n por <a><\/a><a href=\"https:\/\/www.javiermuroescultura.com\">www.javiermuroescultura.com<\/a> , aun siendo gratuitos y\/o de disposici\u00f3n p\u00fablica.<\/em><\/p>\n\n\n\n<p><em>Javier Muro dispone de los derechos de explotaci\u00f3n y propiedad intelectual necesarios del software.<\/em><\/p>\n\n\n\n<p><strong>Propiedad intelectual de los contenidos alojados<\/strong><\/p>\n\n\n\n<p>Se proh\u00edbe el uso contrario a la legislaci\u00f3n sobre propiedad intelectual de los servicios prestados por el propietario de esta web y, en particular de:<\/p>\n\n\n\n<p>\u2022 La utilizaci\u00f3n que resulte contraria a las leyes espa\u00f1olas o que infrinja los derechos de terceros.<\/p>\n\n\n\n<p>\u2022 La publicaci\u00f3n o la transmisi\u00f3n de cualquier contenido que, a juicio del propietario de esta web, resulte violento, obsceno, abusivo, ilegal, racial, xen\u00f3fobo o difamatorio.<\/p>\n\n\n\n<p>\u2022 Los cracks, n\u00fameros de serie de programas o cualquier otro contenido que vulnere derechos de la propiedad intelectual de terceros.<\/p>\n\n\n\n<p>\u2022 La recogida y\/o utilizaci\u00f3n de datos personales de otros usuarios sin su consentimiento expreso o contraviniendo<\/p>\n\n\n\n<p>\u2022 lo dispuesto en Reglamento (UE) 2016\/679 del Parlamento Europeo y del Consejo, de 27 de abril de 2016, relativo a la protecci\u00f3n de las personas f\u00edsicas en lo que respecta al tratamiento de datos personales y a la libre circulaci\u00f3n de los mismos.<\/p>\n\n\n\n<p>\u2022 La utilizaci\u00f3n del servidor de correo del dominio y de las direcciones de correo electr\u00f3nico para el env\u00edo de correo masivo no deseado.<\/p>\n\n\n\n<p>El usuario tiene toda la responsabilidad sobre el contenido de esta web, la informaci\u00f3n transmitida y almacenada, los enlaces de hipertexto, las reivindicaciones de terceros y las acciones legales en referencia a propiedad intelectual.<\/p>\n\n\n\n<h2 class=\"wp-block-heading\">Comentarios<\/h2>\n\n\n\n<p>Cuando los visitantes dejan comentarios en la web, recopilamos los datos que se muestran en el formulario de comentarios, as\u00ed como la direcci\u00f3n IP del visitante y la cadena de agentes de usuario del navegador para ayudar a la detecci\u00f3n de spam.<\/p>\n\n\n\n<p>Una cadena an\u00f3nima creada a partir de tu direcci\u00f3n de correo electr\u00f3nico (tambi\u00e9n llamada hash) puede ser proporcionada al servicio de Gravatar para ver si la est\u00e1s usando. La pol\u00edtica de privacidad del servicio Gravatar est\u00e1 disponible aqu\u00ed: https:\/\/automattic.com\/privacy\/. Despu\u00e9s de la aprobaci\u00f3n de tu comentario, la imagen de tu perfil es visible para el p\u00fablico en el contexto de tu comentario.<\/p>\n\n\n\n<h2 class=\"wp-block-heading\">Medios<\/h2>\n\n\n\n<p>Si subes im\u00e1genes a la web, deber\u00edas evitar subir im\u00e1genes con datos de ubicaci\u00f3n (GPS EXIF) incluidos. Los visitantes de la web pueden descargar y extraer cualquier dato de ubicaci\u00f3n de las im\u00e1genes de la web.<\/p>\n\n\n\n<h2 class=\"wp-block-heading\">Cookies<\/h2>\n\n\n\n<p>Si dejas un comentario en nuestro sitio puedes elegir guardar tu nombre, direcci\u00f3n de correo electr\u00f3nico y web en cookies. Esto es para tu comodidad, para que no tengas que volver a rellenar tus datos cuando dejes otro comentario. Estas cookies tendr\u00e1n una duraci\u00f3n de un a\u00f1o.<\/p>\n\n\n\n<p>Si tienes una cuenta y te conectas a este sitio, instalaremos una cookie temporal para determinar si tu navegador acepta cookies. Esta cookie no contiene datos personales y se elimina al cerrar el navegador.<\/p>\n\n\n\n<p>Cuando accedas, tambi\u00e9n instalaremos varias cookies para guardar tu informaci\u00f3n de acceso y tus opciones de visualizaci\u00f3n de pantalla. Las cookies de acceso duran dos d\u00edas, y las cookies de opciones de pantalla duran un a\u00f1o. Si seleccionas \u00abRecu\u00e9rdame\u00bb, tu acceso perdurar\u00e1 durante dos semanas. Si sales de tu cuenta, las cookies de acceso se eliminar\u00e1n.<\/p>\n\n\n\n<p>Si editas o publicas un art\u00edculo se guardar\u00e1 una cookie adicional en tu navegador. Esta cookie no incluye datos personales y simplemente indica el ID del art\u00edculo que acabas de editar. Caduca despu\u00e9s de 1 d\u00eda.<\/p>\n\n\n\n<h2 class=\"wp-block-heading\">Contenido incrustado de otros sitios web<\/h2>\n\n\n\n<p>Los art\u00edculos de este sitio pueden incluir contenido incrustado (por ejemplo, v\u00eddeos, im\u00e1genes, art\u00edculos, etc.). El contenido incrustado de otras webs se comporta exactamente de la misma manera que si el visitante hubiera visitado la otra web.<\/p>\n\n\n\n<p>Estas web pueden recopilar datos sobre ti, utilizar cookies, incrustar un seguimiento adicional de terceros, y supervisar tu interacci\u00f3n con ese contenido incrustado, incluido el seguimiento de tu interacci\u00f3n con el contenido incrustado si tienes una cuenta y est\u00e1s conectado a esa web.<\/p>\n\n\n\n<h2 class=\"wp-block-heading\">Con qui\u00e9n compartimos tus datos<\/h2>\n\n\n\n<p>Si solicitas un restablecimiento de contrase\u00f1a, tu direcci\u00f3n IP ser\u00e1 incluida en el correo electr\u00f3nico de restablecimiento.<\/p>\n\n\n\n<h2 class=\"wp-block-heading\">Cu\u00e1nto tiempo conservamos tus datos<\/h2>\n\n\n\n<p>Si dejas un comentario, el comentario y sus metadatos se conservan indefinidamente. Esto es para que podamos reconocer y aprobar comentarios sucesivos autom\u00e1ticamente, en lugar de mantenerlos en una cola de moderaci\u00f3n.<\/p>\n\n\n\n<p>De los usuarios que se registran en nuestra web (si los hay), tambi\u00e9n almacenamos la informaci\u00f3n personal que proporcionan en su perfil de usuario. Todos los usuarios pueden ver, editar o eliminar su informaci\u00f3n personal en cualquier momento (excepto que no pueden cambiar su nombre de usuario). Los administradores de la web tambi\u00e9n pueden ver y editar esa informaci\u00f3n.<\/p>\n\n\n\n<h2 class=\"wp-block-heading\">Qu\u00e9 derechos tienes sobre tus datos<\/h2>\n\n\n\n<p>Si tienes una cuenta o has dejado comentarios en esta web, puedes solicitar recibir un archivo de exportaci\u00f3n de los datos personales que tenemos sobre ti, incluyendo cualquier dato que nos hayas proporcionado. Tambi\u00e9n puedes solicitar que eliminemos cualquier dato personal que tengamos sobre ti. Esto no incluye ning\u00fan dato que estemos obligados a conservar con fines administrativos, legales o de seguridad.<\/p>\n\n\n\n<h2 class=\"wp-block-heading\">D\u00f3nde enviamos tus datos<\/h2>\n\n\n\n<p>Los comentarios de los visitantes puede que los revise un servicio de detecci\u00f3n autom\u00e1tica de spam.<\/p>\n","protected":false},"excerpt":{"rendered":"<p>Qui\u00e9nes somos La direcci\u00f3n de nuestra web es: https:\/\/www.javiermuroescultura.com. Protecci\u00f3n de datos de car\u00e1cter personal seg\u00fan la LOPDDD www.javiermuroescultura.com, en aplicaci\u00f3n de la normativa vigente en materia de protecci\u00f3n de datos de car\u00e1cter personal, informa que los datos personales que se recogen a trav\u00e9s de los formularios del Sitio web: www.javiermuroescultura.com , se incluyen en &hellip; <\/p>\n<p class=\"link-more\"><a href=\"https:\/\/www.javiermuroescultura.com\/index.php\/politica-de-privacidad\/\" class=\"more-link\">Continuar leyendo<span class=\"screen-reader-text\"> &#8220;Pol\u00edtica de privacidad&#8221;<\/span><\/a><\/p>\n","protected":false},"author":1,"featured_media":0,"parent":0,"menu_order":0,"comment_status":"closed","ping_status":"closed","template":"","meta":{"_uag_custom_page_level_css":"","footnotes":""},"class_list":["post-1370","page","type-page","status-publish","hentry"],"featured_image_src":null,"uagb_featured_image_src":{"full":false,"thumbnail":false,"medium":false,"medium_large":false,"large":false,"1536x1536":false,"2048x2048":false,"twentyseventeen-featured-image":false,"twentyseventeen-thumbnail-avatar":false},"uagb_author_info":{"display_name":"beatriz","author_link":"https:\/\/www.javiermuroescultura.com\/index.php\/author\/beatriz\/"},"uagb_comment_info":0,"uagb_excerpt":"Qui\u00e9nes somos La direcci\u00f3n de nuestra web es: https:\/\/www.javiermuroescultura.com. Protecci\u00f3n de datos de car\u00e1cter personal seg\u00fan la LOPDDD www.javiermuroescultura.com, en aplicaci\u00f3n de la normativa vigente en materia de protecci\u00f3n de datos de car\u00e1cter personal, informa que los datos personales que se recogen a trav\u00e9s de los formularios del Sitio web: www.javiermuroescultura.com , se incluyen en&hellip;","_links":{"self":[{"href":"https:\/\/www.javiermuroescultura.com\/index.php\/wp-json\/wp\/v2\/pages\/1370","targetHints":{"allow":["GET"]}}],"collection":[{"href":"https:\/\/www.javiermuroescultura.com\/index.php\/wp-json\/wp\/v2\/pages"}],"about":[{"href":"https:\/\/www.javiermuroescultura.com\/index.php\/wp-json\/wp\/v2\/types\/page"}],"author":[{"embeddable":true,"href":"https:\/\/www.javiermuroescultura.com\/index.php\/wp-json\/wp\/v2\/users\/1"}],"replies":[{"embeddable":true,"href":"https:\/\/www.javiermuroescultura.com\/index.php\/wp-json\/wp\/v2\/comments?post=1370"}],"version-history":[{"count":1,"href":"https:\/\/www.javiermuroescultura.com\/index.php\/wp-json\/wp\/v2\/pages\/1370\/revisions"}],"predecessor-version":[{"id":1372,"href":"https:\/\/www.javiermuroescultura.com\/index.php\/wp-json\/wp\/v2\/pages\/1370\/revisions\/1372"}],"wp:attachment":[{"href":"https:\/\/www.javiermuroescultura.com\/index.php\/wp-json\/wp\/v2\/media?parent=1370"}],"curies":[{"name":"wp","href":"https:\/\/api.w.org\/{rel}","templated":true}]}}